{"id":94,"date":"2020-09-02T12:29:58","date_gmt":"2020-09-02T12:29:58","guid":{"rendered":"http:\/\/45.76.36.210\/?page_id=94"},"modified":"2021-02-10T07:31:42","modified_gmt":"2021-02-10T07:31:42","slug":"die-fallakten","status":"publish","type":"page","link":"https:\/\/iv-skandal.org\/index.php\/die-fallakten\/","title":{"rendered":"Die Fallakten"},"content":{"rendered":"\n<h4>Fall 1 &#8211; Hausverbot<\/h4>\n\n\n\n<div style=\"height:20px\" aria-hidden=\"true\" class=\"wp-block-spacer\"><\/div>\n\n\n\n<h2>Wie sich die Ausgleichskasse Zug \/ IV-Stelle Zug Arbeit beschafft<\/h2>\n\n\n\n<p>Der IV-Rentner Peter D. leidet an Diabetes, Multipler Sklerose und Depressionen und ist auf Hilfe von Dritten angewiesen. Er hat Anspruch auf Hilflosenentsch\u00e4digung und auf einen j\u00e4hrlichen Assistenzbeitrag.<\/p>\n\n\n\n<p>Die IV-Stelle Zug hat die Zahlungen dieser Versicherungsleistungen f\u00fcr 2013 und 2014 eingestellt. Zudem fehlen ihm die Assistenzbeitr\u00e4ge f\u00fcr Juli und August 2016.<\/p>\n\n\n\n<p>Als Peter D. pers\u00f6nlich auf der Beh\u00f6rde vorspricht, um die Auszahlung in bar zu verlangen, wird er mithilfe der Polizei in seinem Rollstuhl unsanft vor die T\u00fcr gesetzt. Zudem erhielt Peter D. Hausverbot.<\/p>\n\n\n\n<div style=\"height:20px\" aria-hidden=\"true\" class=\"wp-block-spacer\"><\/div>\n\n\n\n<div class=\"wp-block-buttons\">\n<div class=\"wp-block-button is-style-outline\"><a class=\"wp-block-button__link has-text-color no-border-radius\" href=\"https:\/\/iv-skandal.org\/index.php\/fall-1-hausverbot\/\" style=\"color:#dc0018\">Zu den Fallakten<\/a><\/div>\n<\/div>\n","protected":false},"excerpt":{"rendered":"<p>Fall 1 &#8211; Hausverbot Wie sich die Ausgleichskasse Zug \/ IV-Stelle Zug Arbeit beschafft Der IV-Rentner Peter D. leidet an Diabetes, Multipler Sklerose und Depressionen und ist auf Hilfe von &#8230;<\/p>\n","protected":false},"author":4,"featured_media":329,"parent":0,"menu_order":0,"comment_status":"closed","ping_status":"closed","template":"template-fullwidth.php","meta":{"spay_email":""},"_links":{"self":[{"href":"https:\/\/iv-skandal.org\/index.php\/wp-json\/wp\/v2\/pages\/94"}],"collection":[{"href":"https:\/\/iv-skandal.org\/index.php\/wp-json\/wp\/v2\/pages"}],"about":[{"href":"https:\/\/iv-skandal.org\/index.php\/wp-json\/wp\/v2\/types\/page"}],"author":[{"embeddable":true,"href":"https:\/\/iv-skandal.org\/index.php\/wp-json\/wp\/v2\/users\/4"}],"replies":[{"embeddable":true,"href":"https:\/\/iv-skandal.org\/index.php\/wp-json\/wp\/v2\/comments?post=94"}],"version-history":[{"count":0,"href":"https:\/\/iv-skandal.org\/index.php\/wp-json\/wp\/v2\/pages\/94\/revisions"}],"wp:featuredmedia":[{"embeddable":true,"href":"https:\/\/iv-skandal.org\/index.php\/wp-json\/wp\/v2\/media\/329"}],"wp:attachment":[{"href":"https:\/\/iv-skandal.org\/index.php\/wp-json\/wp\/v2\/media?parent=94"}],"curies":[{"name":"wp","href":"https:\/\/api.w.org\/{rel}","templated":true}]}}