{"id":322,"date":"2020-09-08T12:28:46","date_gmt":"2020-09-08T12:28:46","guid":{"rendered":"http:\/\/45.76.36.210\/?page_id=322"},"modified":"2020-09-10T12:54:20","modified_gmt":"2020-09-10T12:54:20","slug":"ueber-uns","status":"publish","type":"page","link":"https:\/\/iv-skandal.org\/index.php\/ueber-uns\/","title":{"rendered":"\u00dcber uns"},"content":{"rendered":"\n<h2><strong>Wieso diese Webseite?<\/strong><\/h2>\n\n\n\n<p>Wir wollen Machtmissbrauch und Inkompetenz bei der Ausgleichskasse Zug \/ IV-Stelle Zug und Justiz \u00f6ffentlich machen.<br>Wir nennen die Akteure und werden regelm\u00e4\u00dfig F\u00e4lle ver\u00f6ffentlichen.<\/p>\n\n\n\n<p><strong><span style=\"color:#dc0018\" class=\"has-inline-color\">Jeder Schweizer bezahlt in diese Versicherung ein. Es kann jeden treffen.<br>Auch Sie! (Krankheit, Unfall usw.)<\/span><\/strong><\/p>\n\n\n\n<h4><strong>Sind Sie auch betroffen?<\/strong><\/h4>\n\n\n\n<p><span style=\"color:#dc0018\" class=\"has-inline-color\"><strong>Wir sind auf der suche nach neuen F\u00e4llen.<\/strong><\/span><\/p>\n\n\n\n<p>Haben auch Sie unliebsame Erfahrungen mit einer Ausgleichskasse \/ IV Stelle gemacht und m\u00f6chten Ihren Fall ver\u00f6ffentlichen? Nehmen Sie mit uns <a href=\"https:\/\/iv-skandal.org\/index.php\/kontakt\/\" data-type=\"page\" data-id=\"16\">Kontakt<\/a> auf. <strong>Ihre Anonymit\u00e4t wird gewahrt.<\/strong><\/p>\n\n\n\n<h4><strong>Unterst\u00fctzen Sie uns<\/strong><\/h4>\n\n\n\n<p>Sie k\u00f6nnen uns unterst\u00fctzen, indem Sie diese Webseite bekannt machen. Informieren Sie Freunde und Bekannte und teilen Sie diese Webseite in sozialen Netzwerken wie Facebook und Twitter.<\/p>\n\n\n\n<p>Besten Dank<br>Ihr iv-skandal.org Team<\/p>\n","protected":false},"excerpt":{"rendered":"<p>Wieso diese Webseite? Wir wollen Machtmissbrauch und Inkompetenz bei der Ausgleichskasse Zug \/ IV-Stelle Zug und Justiz \u00f6ffentlich machen.Wir nennen die Akteure und werden regelm\u00e4\u00dfig F\u00e4lle ver\u00f6ffentlichen. Jeder Schweizer bezahlt &#8230;<\/p>\n","protected":false},"author":4,"featured_media":329,"parent":0,"menu_order":0,"comment_status":"closed","ping_status":"closed","template":"","meta":{"spay_email":""},"_links":{"self":[{"href":"https:\/\/iv-skandal.org\/index.php\/wp-json\/wp\/v2\/pages\/322"}],"collection":[{"href":"https:\/\/iv-skandal.org\/index.php\/wp-json\/wp\/v2\/pages"}],"about":[{"href":"https:\/\/iv-skandal.org\/index.php\/wp-json\/wp\/v2\/types\/page"}],"author":[{"embeddable":true,"href":"https:\/\/iv-skandal.org\/index.php\/wp-json\/wp\/v2\/users\/4"}],"replies":[{"embeddable":true,"href":"https:\/\/iv-skandal.org\/index.php\/wp-json\/wp\/v2\/comments?post=322"}],"version-history":[{"count":0,"href":"https:\/\/iv-skandal.org\/index.php\/wp-json\/wp\/v2\/pages\/322\/revisions"}],"wp:featuredmedia":[{"embeddable":true,"href":"https:\/\/iv-skandal.org\/index.php\/wp-json\/wp\/v2\/media\/329"}],"wp:attachment":[{"href":"https:\/\/iv-skandal.org\/index.php\/wp-json\/wp\/v2\/media?parent=322"}],"curies":[{"name":"wp","href":"https:\/\/api.w.org\/{rel}","templated":true}]}}